{"id":3,"date":"2022-01-17T18:49:33","date_gmt":"2022-01-17T17:49:33","guid":{"rendered":"http:\/\/oberlandmv.com\/?page_id=3"},"modified":"2023-02-03T11:06:18","modified_gmt":"2023-02-03T10:06:18","slug":"datenschutzerklaerung","status":"publish","type":"page","link":"https:\/\/www.oberlandmv.com\/en\/datenschutzerklaerung\/","title":{"rendered":"Privacy"},"content":{"rendered":"<p><strong>Information zum Datenschutz \u00fcber unsere Verarbeitung von Bewerberdaten nach Art. 13, 14 und 21 der Datenschutz-Grundverordnung (DSGVO)<br>Oberland M+V GmbH<\/strong><br>&nbsp;<br>Liebe Bewerberin, lieber Bewerber,<br>&nbsp;<br>wir freuen uns \u00fcber Ihr Interesse an unserem Unternehmen. Gem\u00e4\u00df den Vorgaben der Art. 13, 14 und 21 der Datenschutz-Grundverordnung (DSGVO) informieren wir Sie hiermit \u00fcber die Verarbeitung der von Ihnen im Rahmen des Bewerbungsprozesses \u00fcbermittelten sowie ggf. von uns erhobenen personenbezogenen Daten und Ihre diesbez\u00fcglichen Rechte.&nbsp;<br>&nbsp;<br>Um zu gew\u00e4hrleisten, dass Sie in vollem Umfang \u00fcber die Verarbeitung Ihrer personenbezogenen Daten im Rahmen des Bewerbungsprozesses informiert sind, nehmen Sie bitte nachstehende Informationen zur Kenntnis.<br>&nbsp;<\/p>\n\n\n\n<h3 class=\"wp-block-heading\">1. VERANTWORTLICHE STELLE IM SINNE DES DATENSCHUTZRECHTS<\/h3>\n\n\n\n<p>Oberland M+V GmbH<br>Oberriedstra\u00dfe 7<br>88410 Bad Wurzach<br>07564\/3030<br><a href=\"mailto:bewerbung@oberlandmv.de\">bewerbung@oberlandmv.de<br><\/a><a href=\"http:\/\/www.oberlandmv.de\/\" target=\"_blank\" rel=\"noreferrer noopener\">www.oberlandmv.de<br><\/a><br>Datenschutzbeauftragte: Dr. Claudia Noortwijck<br>E-Mail: <a href=\"mailto:Datenschutz@oberlandmv.de\">Datenschutz@oberlandmv.de<\/a><\/p>\n\n\n\n<p><\/p>\n\n\n\n<h3 class=\"wp-block-heading\">2. ZWECKE UND RECHTSGRUNDLAGEN DER VERARBEITUNG<\/h3>\n\n\n\n<p>Wir verarbeiten Ihre personenbezogenen Daten im Einklang mit den Bestimmungen der europ\u00e4ischen Datenschutz-Grundverordnung (EU-DSGVO) und dem Bundesdatenschutzgesetz (BDSG), soweit dies f\u00fcr die Entscheidung \u00fcber die Begr\u00fcndung eines Besch\u00e4ftigungsverh\u00e4ltnisses mit uns erforderlich ist. Rechtsgrundlage ist dabei Art. 88 DSGVO i. V. m. \u00a7 26 BDSG-neu sowie ggf. Art. 6 Abs. 1 lit. b DSGVO zur Anbahnung oder Durchf\u00fchrung von Vertragsverh\u00e4ltnissen.&nbsp;<br>&nbsp;<br>Weiterhin k\u00f6nnen wir personenbezogene Daten von Ihnen verarbeiten, sofern dies zur Erf\u00fcllung rechtlicher Verpflichtungen (Art. 6 Abs. 1 lit. c DSGVO) oder zur Abwehr von geltend gemachten Rechtsanspr\u00fcchen gegen uns erforderlich ist. Rechtsgrundlage ist dabei Art. 6 Abs. 1 lit. f DSGVO. Das berechtigte Interesse ist beispielsweise eine Beweispflicht in einem Verfahren nach dem Allgemeinen Gleichbehandlungsgesetz (AGG).&nbsp;<br>&nbsp;<br>Erteilen Sie uns eine ausdr\u00fcckliche Einwilligung zur Verarbeitung von personenbezogenen Daten f\u00fcr bestimmte Zwecke, ist die Rechtm\u00e4\u00dfigkeit dieser Verarbeitung auf Basis Ihrer Einwilligung nach Art. 6 Abs. 1 lit. a DSGVO gegeben. Eine erteilte Einwilligung kann jederzeit, mit Wirkung f\u00fcr die Zukunft, widerrufen werden (s. Ziffer 9 dieser Datenschutzinformation). Kommt es zu einem Besch\u00e4ftigungsverh\u00e4ltnis zwischen Ihnen und uns, k\u00f6nnen wir gem\u00e4\u00df Art. 88 DSGVO i. V. m. \u00a7 26 BDSG-neu die bereits von Ihnen erhaltenen personenbezogenen Daten f\u00fcr Zwecke des Besch\u00e4ftigungsverh\u00e4ltnisses weiterverarbeiten, soweit dies f\u00fcr die Durchf\u00fchrung oder Beendigung des Besch\u00e4ftigungsverh\u00e4ltnisses oder zur Aus\u00fcbung bzw. Erf\u00fcllung der sich aus einem Gesetz oder einem Tarifvertrag, einer Betriebs- oder Dienstvereinbarung (Kollektivvereinbarung) ergebenden Rechte und Pflichten der Interessenvertretung der Besch\u00e4ftigten erforderlich ist.<br>&nbsp;<\/p>\n\n\n\n<h3 class=\"wp-block-heading\">3. KATEGORIEN PERSONENBEZOGENER DATEN<\/h3>\n\n\n\n<p>Wir verarbeiten nur solche Daten, die im Zusammenhang mit Ihrer Bewerbung stehen. Dies k\u00f6nnen allgemeine Daten zu Ihrer Person (Name, Anschrift, Kontaktdaten etc.), Angaben zu Ihrer beruflichen Qualifikation und Schulausbildung, Angaben zur beruflichen Weiterbildung sowie ggf. weitere Daten sein, die Sie uns im Zusammenhang mit Ihrer Bewerbung \u00fcbermitteln.<br><\/p>\n\n\n\n<h3 class=\"wp-block-heading\">4. QUELLEN DER DATEN<\/h3>\n\n\n\n<p>Wir verarbeiten personenbezogene Daten, die wir im Rahmen der Kontaktaufnahme bzw. Ihrer Bewerbung von Ihnen postalisch oder per E-Mail erhalten bzw. die Sie uns \u00fcber Stellenb\u00f6rsen, wie Stepstone und Monster oder auch XING sowie die Agenturen f\u00fcr Arbeit \u00fcbermitteln.<br><\/p>\n\n\n\n<h3 class=\"wp-block-heading\">5. EMPF\u00c4NGER DER DATEN<\/h3>\n\n\n\n<p>Wir geben Ihre personenbezogenen Daten innerhalb unseres Unternehmens ausschlie\u00dflich an die Bereiche und Personen weiter, die diese Daten zur Erf\u00fcllung der vertraglichen und gesetzlichen Pflichten bzw. zur Umsetzung unseres berechtigten Interesses ben\u00f6tigen.&nbsp;<br>&nbsp;<\/p>\n\n\n\n<h3 class=\"wp-block-heading\">6. \u00dcBERMITTLUNG IN EIN DRITTLAND<\/h3>\n\n\n\n<p>Eine \u00dcbermittlung in ein Drittland ist nicht beabsichtigt.<br><\/p>\n\n\n\n<h3 class=\"wp-block-heading\">7. DAUER DER DATENSPEICHERUNG<\/h3>\n\n\n\n<p>Wir speichern Ihre personenbezogenen Daten solange dies f\u00fcr die Entscheidung \u00fcber Ihre Bewerbung erforderlich ist. Ihre personenbezogenen Daten bzw. Bewerbungsunterlagen werden maximal sechs Monate nach Beendigung des Bewerbungsverfahrens (z. B. der Bekanntgabe der Absageentscheidung) gel\u00f6scht, sofern nicht eine l\u00e4ngere Speicherung rechtlich erforderlich oder zul\u00e4ssig ist.&nbsp;<br>&nbsp;<br>Wir speichern Ihre personenbezogenen Daten dar\u00fcber hinaus nur, soweit dies gesetzlich oder im konkreten Fall zur Geltendmachung, Aus\u00fcbung oder Verteidigung von Rechtsanspr\u00fcchen f\u00fcr die Dauer eines Rechtsstreits erforderlich ist.&nbsp;<br>&nbsp;<br>F\u00fcr den Fall, dass Sie einer l\u00e4ngeren Speicherung Ihrer personenbezogenen Daten zugestimmt haben, speichern wir diese nach Ma\u00dfgabe Ihrer Einwilligungserkl\u00e4rung. Kommt es im Anschluss an das Bewerbungsverfahren zu einem Besch\u00e4ftigungsverh\u00e4ltnis, Ausbildungsverh\u00e4ltnis oder Praktikantenverh\u00e4ltnis, werden Ihre Daten, soweit erforderlich und zul\u00e4ssig, zun\u00e4chst weiterhin gespeichert und anschlie\u00dfend in die Personalakte \u00fcberf\u00fchrt.&nbsp;<br>&nbsp;<br>Gegebenenfalls erhalten Sie im Anschluss an das Bewerbungsverfahren eine Einladung zur Aufnahme in unseren Talentpool. Dies erlaubt uns, Sie auch in Zukunft bei passenden Vakanzen bei unserer Bewerberauswahl zu ber\u00fccksichtigen. Liegt uns eine entsprechende Einwilligung Ihrerseits vor, werden wir Ihre Bewerbungsdaten nach Ma\u00dfgabe Ihrer Einwilligung bzw. ggf. zuk\u00fcnftigen Einwilligungen in unserem Talentpool speichern.<br><\/p>\n\n\n\n<h3 class=\"wp-block-heading\">8. IHRE RECHTE<\/h3>\n\n\n\n<p>Jede betroffene Person hat das Recht auf Auskunft nach Art. 15 DSGVO, das Recht auf Berichtigung nach Art. 16 DSGVO, das Recht auf L\u00f6schung nach Art. 17 DSGVO, das Recht auf Einschr\u00e4nkung der Verarbeitung nach Art. 18 DSGVO, das Recht auf Mitteilung nach Art. 19 DSGVO sowie das Recht auf Daten\u00fcbertragbarkeit nach Art. 20 DSGVO.&nbsp;<br>&nbsp;<br>Dar\u00fcber hinaus besteht ein Beschwerderecht bei einer Datenschutzaufsichtsbeh\u00f6rde nach Art. 77 DSGVO, wenn Sie der Ansicht sind, dass die Verarbeitung Ihrer personenbezogenen Daten nicht rechtm\u00e4\u00dfig erfolgt. Das Beschwerderecht besteht unbeschadet eines anderweitigen verwaltungsrechtlichen oder gerichtlichen Rechtsbehelfs.<br>&nbsp;<br>Sofern die Verarbeitung von Daten auf Grundlage Ihrer Einwilligung erfolgt, sind Sie nach Art. 7 DSGVO berechtigt, die Einwilligung in die Verwendung Ihrer personenbezogenen Daten jederzeit zu widerrufen. Bitte beachten Sie, dass der Widerruf erst f\u00fcr die Zukunft wirkt. Verarbeitungen, die vor dem Widerruf erfolgt sind, sind davon nicht betroffen.&nbsp;<br>&nbsp;<br>Bitte beachten Sie zudem, dass wir bestimmte Daten f\u00fcr die Erf\u00fcllung gesetzlicher Vorgaben ggf. f\u00fcr einen bestimmten Zeitraum aufbewahren m\u00fcssen.<br>&nbsp;<br>Widerspruchsrecht<br>Soweit die Verarbeitung Ihrer personenbezogenen Daten nach Art. 6 Abs 1 lit. f DSGVO zur Wahrung berechtigter Interessen erfolgt, haben Sie gem\u00e4\u00df Art. 21 DSGVO das Recht, aus Gr\u00fcnden, die sich aus Ihrer besonderen Situation ergeben, jederzeit Widerspruch gegen die Verarbeitung dieser Daten einzulegen.&nbsp;<br>&nbsp;<br>Wir verarbeiten diese personenbezogenen Daten dann nicht mehr, es sei denn, wir k\u00f6nnen zwingende schutzw\u00fcrdige Gr\u00fcnde f\u00fcr die Verarbeitung nachweisen. Diese m\u00fcssen Ihre Interessen, Rechte und Freiheiten \u00fcberwiegen, oder die Verarbeitung muss der Geltendmachung, Aus\u00fcbung oder Verteidigung von Rechtsanspr\u00fcchen dienen.&nbsp;<br>&nbsp;<br>Zur Wahrung Ihrer Rechte k\u00f6nnen Sie uns gerne kontaktieren.<br>&nbsp;<\/p>\n\n\n\n<h3 class=\"wp-block-heading\">9. ERFORDERLICHKEIT DER BEREITSTELLUNG PERSONENBEZOGENER DATEN<\/h3>\n\n\n\n<p>Die Bereitstellung personenbezogener Daten im Rahmen von Bewerbungsprozessen ist weder gesetzlich noch vertraglich vorgeschrieben. Sie sind somit nicht verpflichtet, Angaben zu Ihren personenbezogenen Daten zu machen. Bitte beachten Sie jedoch, dass diese f\u00fcr die Entscheidung \u00fcber eine Bewerbung bzw. einen Vertragsabschluss in Bezug auf ein Besch\u00e4ftigungsverh\u00e4ltnis mit uns erforderlich sind.&nbsp;<br>&nbsp;<br>Soweit Sie uns keine personenbezogenen Daten bereitstellen, k\u00f6nnen wir keine Entscheidung zur Begr\u00fcndung eines Besch\u00e4ftigungsverh\u00e4ltnisses treffen. Wir empfehlen, im Rahmen Ihrer Bewerbung nur solche personenbezogenen Daten anzugeben, die zur Durchf\u00fchrung der Bewerbung erforderlich sind.<br>&nbsp;<\/p>\n\n\n\n<h3 class=\"wp-block-heading\">10. AUTOMATISIERTE ENTSCHEIDUNGSFINDUNG<\/h3>\n\n\n\n<p>Da die Entscheidung \u00fcber Ihre Bewerbung nicht ausschlie\u00dflich auf einer automatisierten Verarbeitung beruht, findet keine automatisierte Entscheidung im Einzelfall im Sinne des Art. 22 DSGVO statt.<\/p>","protected":false},"excerpt":{"rendered":"<p>Information zum Datenschutz \u00fcber unsere Verarbeitung von Bewerberdaten nach Art. 13, 14 und 21 der Datenschutz-Grundverordnung (DSGVO)Oberland M+V GmbH&nbsp;Liebe Bewerberin, lieber Bewerber,&nbsp;wir freuen uns \u00fcber Ihr Interesse an unserem Unternehmen. Gem\u00e4\u00df den Vorgaben der Art. 13, 14 und 21 der Datenschutz-Grundverordnung (DSGVO) informieren wir Sie hiermit \u00fcber die Verarbeitung der von Ihnen im Rahmen des &#8230; <a title=\"Privacy\" class=\"read-more\" href=\"https:\/\/www.oberlandmv.com\/en\/datenschutzerklaerung\/\" aria-label=\"Read more about Datenschutzerkl\u00e4rung\">Read more<\/a><\/p>","protected":false},"author":3,"featured_media":0,"parent":0,"menu_order":0,"comment_status":"closed","ping_status":"open","template":"","meta":{"_uag_custom_page_level_css":"","_themeisle_gutenberg_block_has_review":false,"footnotes":""},"class_list":["post-3","page","type-page","status-publish"],"featured_image_src":null,"yoast_head":"<!-- This site is optimized with the Yoast SEO plugin v26.3 - https:\/\/yoast.com\/wordpress\/plugins\/seo\/ -->\n<title>Datenschutzerkl\u00e4rung - Oberland M &amp; V GmbH<\/title>\n<meta name=\"robots\" content=\"index, follow, max-snippet:-1, max-image-preview:large, max-video-preview:-1\" \/>\n<link rel=\"canonical\" href=\"https:\/\/www.oberlandmv.com\/en\/datenschutzerklaerung\/\" \/>\n<meta property=\"og:locale\" content=\"en_US\" \/>\n<meta property=\"og:type\" content=\"article\" \/>\n<meta property=\"og:title\" content=\"Datenschutzerkl\u00e4rung - Oberland M &amp; V GmbH\" \/>\n<meta property=\"og:description\" content=\"Information zum Datenschutz \u00fcber unsere Verarbeitung von Bewerberdaten nach Art. 13, 14 und 21 der Datenschutz-Grundverordnung (DSGVO)Oberland M+V GmbH&nbsp;Liebe Bewerberin, lieber Bewerber,&nbsp;wir freuen uns \u00fcber Ihr Interesse an unserem Unternehmen. Gem\u00e4\u00df den Vorgaben der Art. 13, 14 und 21 der Datenschutz-Grundverordnung (DSGVO) informieren wir Sie hiermit \u00fcber die Verarbeitung der von Ihnen im Rahmen des ... Read more\" \/>\n<meta property=\"og:url\" content=\"https:\/\/www.oberlandmv.com\/en\/datenschutzerklaerung\/\" \/>\n<meta property=\"og:site_name\" content=\"Oberland M &amp; V GmbH\" \/>\n<meta property=\"article:modified_time\" content=\"2023-02-03T10:06:18+00:00\" \/>\n<meta name=\"twitter:card\" content=\"summary_large_image\" \/>\n<meta name=\"twitter:label1\" content=\"Est. reading time\" \/>\n\t<meta name=\"twitter:data1\" content=\"6 minutes\" \/>\n<script type=\"application\/ld+json\" class=\"yoast-schema-graph\">{\"@context\":\"https:\/\/schema.org\",\"@graph\":[{\"@type\":\"WebPage\",\"@id\":\"https:\/\/www.oberlandmv.com\/datenschutzerklaerung\/\",\"url\":\"https:\/\/www.oberlandmv.com\/datenschutzerklaerung\/\",\"name\":\"Datenschutzerkl\u00e4rung - Oberland M &amp; V GmbH\",\"isPartOf\":{\"@id\":\"https:\/\/www.oberlandmv.com\/#website\"},\"datePublished\":\"2022-01-17T17:49:33+00:00\",\"dateModified\":\"2023-02-03T10:06:18+00:00\",\"breadcrumb\":{\"@id\":\"https:\/\/www.oberlandmv.com\/datenschutzerklaerung\/#breadcrumb\"},\"inLanguage\":\"en-US\",\"potentialAction\":[{\"@type\":\"ReadAction\",\"target\":[\"https:\/\/www.oberlandmv.com\/datenschutzerklaerung\/\"]}]},{\"@type\":\"BreadcrumbList\",\"@id\":\"https:\/\/www.oberlandmv.com\/datenschutzerklaerung\/#breadcrumb\",\"itemListElement\":[{\"@type\":\"ListItem\",\"position\":1,\"name\":\"Startseite\",\"item\":\"https:\/\/www.oberlandmv.com\/\"},{\"@type\":\"ListItem\",\"position\":2,\"name\":\"Datenschutzerkl\u00e4rung\"}]},{\"@type\":\"WebSite\",\"@id\":\"https:\/\/www.oberlandmv.com\/#website\",\"url\":\"https:\/\/www.oberlandmv.com\/\",\"name\":\"Oberland M &amp; V GmbH\",\"description\":\"Nat\u00fcrlich geht&#039;s!\",\"publisher\":{\"@id\":\"https:\/\/www.oberlandmv.com\/#organization\"},\"potentialAction\":[{\"@type\":\"SearchAction\",\"target\":{\"@type\":\"EntryPoint\",\"urlTemplate\":\"https:\/\/www.oberlandmv.com\/?s={search_term_string}\"},\"query-input\":{\"@type\":\"PropertyValueSpecification\",\"valueRequired\":true,\"valueName\":\"search_term_string\"}}],\"inLanguage\":\"en-US\"},{\"@type\":\"Organization\",\"@id\":\"https:\/\/www.oberlandmv.com\/#organization\",\"name\":\"Oberland M&V GmbH\",\"url\":\"https:\/\/www.oberlandmv.com\/\",\"logo\":{\"@type\":\"ImageObject\",\"inLanguage\":\"en-US\",\"@id\":\"https:\/\/www.oberlandmv.com\/#\/schema\/logo\/image\/\",\"url\":\"https:\/\/www.oberlandmv.com\/wp-content\/uploads\/2022\/01\/Oberland-Logo.svg\",\"contentUrl\":\"https:\/\/www.oberlandmv.com\/wp-content\/uploads\/2022\/01\/Oberland-Logo.svg\",\"width\":514,\"height\":68,\"caption\":\"Oberland M&V GmbH\"},\"image\":{\"@id\":\"https:\/\/www.oberlandmv.com\/#\/schema\/logo\/image\/\"}}]}<\/script>\n<!-- \/ Yoast SEO plugin. -->","yoast_head_json":{"title":"Datenschutzerkl\u00e4rung - Oberland M &amp; V GmbH","robots":{"index":"index","follow":"follow","max-snippet":"max-snippet:-1","max-image-preview":"max-image-preview:large","max-video-preview":"max-video-preview:-1"},"canonical":"https:\/\/www.oberlandmv.com\/en\/datenschutzerklaerung\/","og_locale":"en_US","og_type":"article","og_title":"Datenschutzerkl\u00e4rung - Oberland M &amp; V GmbH","og_description":"Information zum Datenschutz \u00fcber unsere Verarbeitung von Bewerberdaten nach Art. 13, 14 und 21 der Datenschutz-Grundverordnung (DSGVO)Oberland M+V GmbH&nbsp;Liebe Bewerberin, lieber Bewerber,&nbsp;wir freuen uns \u00fcber Ihr Interesse an unserem Unternehmen. Gem\u00e4\u00df den Vorgaben der Art. 13, 14 und 21 der Datenschutz-Grundverordnung (DSGVO) informieren wir Sie hiermit \u00fcber die Verarbeitung der von Ihnen im Rahmen des ... Read more","og_url":"https:\/\/www.oberlandmv.com\/en\/datenschutzerklaerung\/","og_site_name":"Oberland M &amp; V GmbH","article_modified_time":"2023-02-03T10:06:18+00:00","twitter_card":"summary_large_image","twitter_misc":{"Est. reading time":"6 minutes"},"schema":{"@context":"https:\/\/schema.org","@graph":[{"@type":"WebPage","@id":"https:\/\/www.oberlandmv.com\/datenschutzerklaerung\/","url":"https:\/\/www.oberlandmv.com\/datenschutzerklaerung\/","name":"Datenschutzerkl\u00e4rung - Oberland M &amp; V GmbH","isPartOf":{"@id":"https:\/\/www.oberlandmv.com\/#website"},"datePublished":"2022-01-17T17:49:33+00:00","dateModified":"2023-02-03T10:06:18+00:00","breadcrumb":{"@id":"https:\/\/www.oberlandmv.com\/datenschutzerklaerung\/#breadcrumb"},"inLanguage":"en-US","potentialAction":[{"@type":"ReadAction","target":["https:\/\/www.oberlandmv.com\/datenschutzerklaerung\/"]}]},{"@type":"BreadcrumbList","@id":"https:\/\/www.oberlandmv.com\/datenschutzerklaerung\/#breadcrumb","itemListElement":[{"@type":"ListItem","position":1,"name":"Startseite","item":"https:\/\/www.oberlandmv.com\/"},{"@type":"ListItem","position":2,"name":"Datenschutzerkl\u00e4rung"}]},{"@type":"WebSite","@id":"https:\/\/www.oberlandmv.com\/#website","url":"https:\/\/www.oberlandmv.com\/","name":"Oberland M &amp; V GmbH","description":"Nat\u00fcrlich geht&#039;s!","publisher":{"@id":"https:\/\/www.oberlandmv.com\/#organization"},"potentialAction":[{"@type":"SearchAction","target":{"@type":"EntryPoint","urlTemplate":"https:\/\/www.oberlandmv.com\/?s={search_term_string}"},"query-input":{"@type":"PropertyValueSpecification","valueRequired":true,"valueName":"search_term_string"}}],"inLanguage":"en-US"},{"@type":"Organization","@id":"https:\/\/www.oberlandmv.com\/#organization","name":"Oberland M&V GmbH","url":"https:\/\/www.oberlandmv.com\/","logo":{"@type":"ImageObject","inLanguage":"en-US","@id":"https:\/\/www.oberlandmv.com\/#\/schema\/logo\/image\/","url":"https:\/\/www.oberlandmv.com\/wp-content\/uploads\/2022\/01\/Oberland-Logo.svg","contentUrl":"https:\/\/www.oberlandmv.com\/wp-content\/uploads\/2022\/01\/Oberland-Logo.svg","width":514,"height":68,"caption":"Oberland M&V GmbH"},"image":{"@id":"https:\/\/www.oberlandmv.com\/#\/schema\/logo\/image\/"}}]}},"uagb_featured_image_src":{"full":false,"thumbnail":false,"medium":false,"medium_large":false,"large":false,"gs-tiny":false,"xl":false,"xxl":false,"xxxl":false,"xxxxl":false,"xxxxxl":false,"1536x1536":false,"2048x2048":false,"trp-custom-language-flag":false,"3-2-Thumb":false},"uagb_author_info":{"display_name":"Christian M\u00f6rstedt","author_link":"https:\/\/www.oberlandmv.com\/en\/author\/oberlandmeister\/"},"uagb_comment_info":0,"uagb_excerpt":"Information zum Datenschutz \u00fcber unsere Verarbeitung von Bewerberdaten nach Art. 13, 14 und 21 der Datenschutz-Grundverordnung (DSGVO)Oberland M+V GmbH&nbsp;Liebe Bewerberin, lieber Bewerber,&nbsp;wir freuen uns \u00fcber Ihr Interesse an unserem Unternehmen. Gem\u00e4\u00df den Vorgaben der Art. 13, 14 und 21 der Datenschutz-Grundverordnung (DSGVO) informieren wir Sie hiermit \u00fcber die Verarbeitung der von Ihnen im Rahmen des&hellip;","_links":{"self":[{"href":"https:\/\/www.oberlandmv.com\/en\/wp-json\/wp\/v2\/pages\/3","targetHints":{"allow":["GET"]}}],"collection":[{"href":"https:\/\/www.oberlandmv.com\/en\/wp-json\/wp\/v2\/pages"}],"about":[{"href":"https:\/\/www.oberlandmv.com\/en\/wp-json\/wp\/v2\/types\/page"}],"author":[{"embeddable":true,"href":"https:\/\/www.oberlandmv.com\/en\/wp-json\/wp\/v2\/users\/3"}],"replies":[{"embeddable":true,"href":"https:\/\/www.oberlandmv.com\/en\/wp-json\/wp\/v2\/comments?post=3"}],"version-history":[{"count":3,"href":"https:\/\/www.oberlandmv.com\/en\/wp-json\/wp\/v2\/pages\/3\/revisions"}],"predecessor-version":[{"id":290,"href":"https:\/\/www.oberlandmv.com\/en\/wp-json\/wp\/v2\/pages\/3\/revisions\/290"}],"wp:attachment":[{"href":"https:\/\/www.oberlandmv.com\/en\/wp-json\/wp\/v2\/media?parent=3"}],"curies":[{"name":"wp","href":"https:\/\/api.w.org\/{rel}","templated":true}]}}